{"id":9015,"date":"2021-12-06T05:25:20","date_gmt":"2021-12-06T03:25:20","guid":{"rendered":"https:\/\/acellum.ro\/?page_id=9015"},"modified":"2022-09-01T00:28:33","modified_gmt":"2022-08-31T22:28:33","slug":"cariere","status":"publish","type":"page","link":"https:\/\/acellum.ro\/en\/cariere\/","title":{"rendered":"Careers"},"content":{"rendered":"<div class=\"awsm-job-wrap\">\n\n\t\t<div class=\"awsm-filter-wrap\"><form action=\"https:\/\/acellum.ro\/wp-admin\/admin-ajax.php\" method=\"POST\"><div class=\"awsm-filter-item-search\"><div class=\"awsm-filter-item-search-in\"><label for=\"awsm-jq-1\" class=\"awsm-sr-only\">Search<\/label><input type=\"text\" id=\"awsm-jq-1\" name=\"jq\" value=\"\" placeholder=\"Search\" class=\"awsm-job-search awsm-job-form-control\"><span class=\"awsm-job-search-btn awsm-job-search-icon-wrapper\"><i class=\"awsm-job-icon-search\"><\/i><\/span><span class=\"awsm-job-search-close-btn awsm-job-search-icon-wrapper awsm-job-hide\"><i class=\"awsm-job-icon-close-circle\"><\/i><\/span><\/div><\/div><a href=\"#\" class=\"awsm-filter-toggle\" role=\"button\" aria-pressed=\"false\"><span class=\"awsm-filter-toggle-text-wrapper awsm-sr-only\">Filter by<\/span><svg width=\"100\" height=\"100\" viewbox=\"0 0 100 100\" xmlns=\"http:\/\/www.w3.org\/2000\/svg\" version=\"1.1\" preserveaspectratio=\"xMinYMin\"><path xmlns=\"http:\/\/www.w3.org\/2000\/svg\" fill=\"rgb(9.803922%,9.803922%,9.803922%)\" d=\"M 36.417969 19.9375 L 36.417969 17.265625 C 36.417969 16.160156 35.523438 15.265625 34.417969 15.265625 L 21.578125 15.265625 C 20.476562 15.265625 19.578125 16.160156 19.578125 17.265625 L 19.578125 19.9375 L 11 19.9375 L 11 26.9375 L 19.578125 26.9375 L 19.578125 30.105469 C 19.578125 31.210938 20.476562 32.105469 21.578125 32.105469 L 34.417969 32.105469 C 35.523438 32.105469 36.417969 31.210938 36.417969 30.105469 L 36.417969 26.9375 L 89 26.9375 L 89 19.9375 Z M 58.421875 43.578125 C 58.421875 42.476562 57.527344 41.578125 56.421875 41.578125 L 43.582031 41.578125 C 42.480469 41.578125 41.582031 42.476562 41.582031 43.578125 L 41.582031 46.5 L 11 46.5 L 11 53.5 L 41.582031 53.5 L 41.582031 56.421875 C 41.582031 57.527344 42.480469 58.421875 43.582031 58.421875 L 56.421875 58.421875 C 57.527344 58.421875 58.421875 57.527344 58.421875 56.421875 L 58.421875 53.5 L 89 53.5 L 89 46.5 L 58.421875 46.5 Z M 80.417969 70.140625 C 80.417969 69.035156 79.523438 68.140625 78.417969 68.140625 L 65.578125 68.140625 C 64.476562 68.140625 63.578125 69.035156 63.578125 70.140625 L 63.578125 73.0625 L 11 73.0625 L 11 80.0625 L 63.578125 80.0625 L 63.578125 82.984375 C 63.578125 84.085938 64.476562 84.984375 65.578125 84.984375 L 78.417969 84.984375 C 79.523438 84.984375 80.417969 84.085938 80.417969 82.984375 L 80.417969 80.0625 L 89 80.0625 L 89 73.0625 L 80.417969 73.0625 Z M 80.417969 70.140625\"\/><\/svg><\/a><div class=\"awsm-filter-items\"><div class=\"awsm-filter-item\" data-filter=\"job__category_spec\"><label for=\"awsm-job-category-filter-option-1\" class=\"awsm-sr-only\">All Categorie<\/label><select name=\"awsm_job_spec[job-category]\" class=\"awsm-filter-option awsm-job-category-filter-option\" id=\"awsm-job-category-filter-option-1\" aria-label=\"All Categorie\"><option value=\"\">All Categorie<\/option><option value=\"72\" data-slug=\"calificat\">Calificat<\/option><option value=\"65\" data-slug=\"financiar\">Financiar<\/option><option value=\"71\" data-slug=\"necalificat\">Necalificat<\/option><option value=\"69\" data-slug=\"personal\">Personal<\/option><\/select><\/div><div class=\"awsm-filter-item\" data-filter=\"job__type_spec\"><label for=\"awsm-job-type-filter-option-1\" class=\"awsm-sr-only\">All Tip<\/label><select name=\"awsm_job_spec[job-type]\" class=\"awsm-filter-option awsm-job-type-filter-option\" id=\"awsm-job-type-filter-option-1\" aria-label=\"All Tip\"><option value=\"\">All Tip<\/option><option value=\"62\" data-slug=\"full-time\">Full Time<\/option><\/select><\/div><div class=\"awsm-filter-item\" data-filter=\"job__location_spec\"><label for=\"awsm-job-location-filter-option-1\" class=\"awsm-sr-only\">All Locatie<\/label><select name=\"awsm_job_spec[job-location]\" class=\"awsm-filter-option awsm-job-location-filter-option\" id=\"awsm-job-location-filter-option-1\" aria-label=\"All Locatie\"><option value=\"\">All Locatie<\/option><option value=\"68\" data-slug=\"timisoara\">Timisoara<\/option><\/select><\/div><\/div><input type=\"hidden\" name=\"action\" value=\"jobfilter\"><\/form><\/div>\n\t\t<div class=\"awsm-job-listings awsm-lists\" data-listings=\"10\">\n\t\t\t<div class=\"awsm-job-listing-item awsm-list-item\" id=\"awsm-list-item-9081\">\t\t<div class=\"awsm-job-item\">\t\t\t<div class=\"awsm-list-left-col\">\n\t\t\t\t\n\t\t\t\t\n\t\t\t\t<h2 class=\"awsm-job-post-title\">\n\t\t\t\t\t<a href=\"https:\/\/acellum.ro\/en\/jobs\/confectioner-incaltaminte\/\">CONFEC\u021aIONER \u00ceNC\u0102L\u021a\u0102MINTE<\/a>\t\t\t\t<\/h2>\n\n\t\t\t\t\t\t\t<\/div>\n\n\t\t\t<div class=\"awsm-list-right-col\">\n\t\t\t\t<div class=\"awsm-job-specification-wrapper\"><div class=\"awsm-job-specification-item awsm-job-specification-job-category\"><i class=\"awsm-job-icon-book\"><\/i><span class=\"awsm-job-specification-term\">Necalificat<\/span> <span class=\"awsm-job-specification-term\">Personal<\/span> <\/div><div class=\"awsm-job-specification-item awsm-job-specification-job-type\"><i class=\"awsm-job-icon-clock-o\"><\/i><span class=\"awsm-job-specification-term\">Full Time<\/span> <\/div><div class=\"awsm-job-specification-item awsm-job-specification-job-location\"><i class=\"awsm-job-icon-map-pin\"><\/i><span class=\"awsm-job-specification-term\">Timisoara<\/span> <\/div><\/div><div class=\"awsm-job-more-container\"><a class=\"awsm-job-more\" href=\"https:\/\/acellum.ro\/en\/jobs\/confectioner-incaltaminte\/\">More Details <span><\/span><\/a><\/div>\t\t\t<\/div>\n\t\t<\/div>\t<\/div><div class=\"awsm-job-listing-item awsm-list-item\" id=\"awsm-list-item-9080\">\t\t<div class=\"awsm-job-item\">\t\t\t<div class=\"awsm-list-left-col\">\n\t\t\t\t\n\t\t\t\t\n\t\t\t\t<h2 class=\"awsm-job-post-title\">\n\t\t\t\t\t<a href=\"https:\/\/acellum.ro\/en\/jobs\/economist\/\">ECONOMIST<\/a>\t\t\t\t<\/h2>\n\n\t\t\t\t\t\t\t<\/div>\n\n\t\t\t<div class=\"awsm-list-right-col\">\n\t\t\t\t<div class=\"awsm-job-specification-wrapper\"><div class=\"awsm-job-specification-item awsm-job-specification-job-category\"><i class=\"awsm-job-icon-book\"><\/i><span class=\"awsm-job-specification-term\">Calificat<\/span> <span class=\"awsm-job-specification-term\">Financiar<\/span> <\/div><div class=\"awsm-job-specification-item awsm-job-specification-job-type\"><i class=\"awsm-job-icon-clock-o\"><\/i><span class=\"awsm-job-specification-term\">Full Time<\/span> <\/div><div class=\"awsm-job-specification-item awsm-job-specification-job-location\"><i class=\"awsm-job-icon-map-pin\"><\/i><span class=\"awsm-job-specification-term\">Timisoara<\/span> <\/div><\/div><div class=\"awsm-job-more-container\"><a class=\"awsm-job-more\" href=\"https:\/\/acellum.ro\/en\/jobs\/economist\/\">More Details <span><\/span><\/a><\/div>\t\t\t<\/div>\n\t\t<\/div>\t<\/div><div class=\"awsm-job-listing-item awsm-list-item\" id=\"awsm-list-item-9079\">\t\t<div class=\"awsm-job-item\">\t\t\t<div class=\"awsm-list-left-col\">\n\t\t\t\t\n\t\t\t\t\n\t\t\t\t<h2 class=\"awsm-job-post-title\">\n\t\t\t\t\t<a href=\"https:\/\/acellum.ro\/en\/jobs\/mecanic-electromecanic\/\">MECANIC \/ ELECTROMECANIC<\/a>\t\t\t\t<\/h2>\n\n\t\t\t\t\t\t\t<\/div>\n\n\t\t\t<div class=\"awsm-list-right-col\">\n\t\t\t\t<div class=\"awsm-job-specification-wrapper\"><div class=\"awsm-job-specification-item awsm-job-specification-job-category\"><i class=\"awsm-job-icon-book\"><\/i><span class=\"awsm-job-specification-term\">Calificat<\/span> <span class=\"awsm-job-specification-term\">Personal<\/span> <\/div><div class=\"awsm-job-specification-item awsm-job-specification-job-type\"><i class=\"awsm-job-icon-clock-o\"><\/i><span class=\"awsm-job-specification-term\">Full Time<\/span> <\/div><div class=\"awsm-job-specification-item awsm-job-specification-job-location\"><i class=\"awsm-job-icon-map-pin\"><\/i><span class=\"awsm-job-specification-term\">Timisoara<\/span> <\/div><\/div><div class=\"awsm-job-more-container\"><a class=\"awsm-job-more\" href=\"https:\/\/acellum.ro\/en\/jobs\/mecanic-electromecanic\/\">More Details <span><\/span><\/a><\/div>\t\t\t<\/div>\n\t\t<\/div>\t<\/div><div class=\"awsm-job-listing-item awsm-list-item\" id=\"awsm-list-item-9078\">\t\t<div class=\"awsm-job-item\">\t\t\t<div class=\"awsm-list-left-col\">\n\t\t\t\t\n\t\t\t\t\n\t\t\t\t<h2 class=\"awsm-job-post-title\">\n\t\t\t\t\t<a href=\"https:\/\/acellum.ro\/en\/jobs\/manipulant-marfa\/\">MANIPULANT MARF\u0102<\/a>\t\t\t\t<\/h2>\n\n\t\t\t\t\t\t\t<\/div>\n\n\t\t\t<div class=\"awsm-list-right-col\">\n\t\t\t\t<div class=\"awsm-job-specification-wrapper\"><div class=\"awsm-job-specification-item awsm-job-specification-job-category\"><i class=\"awsm-job-icon-book\"><\/i><span class=\"awsm-job-specification-term\">Necalificat<\/span> <span class=\"awsm-job-specification-term\">Personal<\/span> <\/div><div class=\"awsm-job-specification-item awsm-job-specification-job-type\"><i class=\"awsm-job-icon-clock-o\"><\/i><span class=\"awsm-job-specification-term\">Full Time<\/span> <\/div><div class=\"awsm-job-specification-item awsm-job-specification-job-location\"><i class=\"awsm-job-icon-map-pin\"><\/i><span class=\"awsm-job-specification-term\">Timisoara<\/span> <\/div><\/div><div class=\"awsm-job-more-container\"><a class=\"awsm-job-more\" href=\"https:\/\/acellum.ro\/en\/jobs\/manipulant-marfa\/\">More Details <span><\/span><\/a><\/div>\t\t\t<\/div>\n\t\t<\/div>\t<\/div>\t\t<\/div>\n\n\t<\/div>","protected":false},"excerpt":{"rendered":"Angaj\u0103m manipulant marf\u0103 pentru depozit de materie prim\u0103 \u00eenc\u0103l\u021b\u0103minte. Responsabilit\u0103\u021bi: \u00eenc\u0103rcare \u0219i desc\u0103rcare marf\u0103aranjare marf\u0103 \u00een depozitpreg\u0103tit marfa pentru livrat conform comenzilor Cerin\u021be: persoan\u0103 responsabil\u0103, atent\u0103, punctual\u0103studii medii sau elementarepermisul de conducere constituie avantaj Beneficii: salariu motivantbonuri de mas\u0103 (valoare bon: 20 RON)asigurare privat\u0103 de...","protected":false},"author":1,"featured_media":0,"parent":0,"menu_order":0,"comment_status":"closed","ping_status":"closed","template":"","meta":{"footnotes":""},"class_list":["post-9015","page","type-page","status-publish","hentry"],"amp_enabled":true,"_links":{"self":[{"href":"https:\/\/acellum.ro\/en\/wp-json\/wp\/v2\/pages\/9015","targetHints":{"allow":["GET"]}}],"collection":[{"href":"https:\/\/acellum.ro\/en\/wp-json\/wp\/v2\/pages"}],"about":[{"href":"https:\/\/acellum.ro\/en\/wp-json\/wp\/v2\/types\/page"}],"author":[{"embeddable":true,"href":"https:\/\/acellum.ro\/en\/wp-json\/wp\/v2\/users\/1"}],"replies":[{"embeddable":true,"href":"https:\/\/acellum.ro\/en\/wp-json\/wp\/v2\/comments?post=9015"}],"version-history":[{"count":11,"href":"https:\/\/acellum.ro\/en\/wp-json\/wp\/v2\/pages\/9015\/revisions"}],"predecessor-version":[{"id":9070,"href":"https:\/\/acellum.ro\/en\/wp-json\/wp\/v2\/pages\/9015\/revisions\/9070"}],"wp:attachment":[{"href":"https:\/\/acellum.ro\/en\/wp-json\/wp\/v2\/media?parent=9015"}],"curies":[{"name":"wp","href":"https:\/\/api.w.org\/{rel}","templated":true}]}}