{"id":8678,"date":"2021-11-02T10:17:25","date_gmt":"2021-11-02T08:17:25","guid":{"rendered":"http:\/\/cdn.jevelin.shufflehound.com\/basic-vc\/?page_id=8678"},"modified":"2021-12-06T06:00:54","modified_gmt":"2021-12-06T04:00:54","slug":"acasa","status":"publish","type":"page","link":"https:\/\/acellum.ro\/en\/","title":{"rendered":"Home"},"content":{"rendered":"<div class=\"wpb-content-wrapper\"><div data-vc-full-width=\"true\" data-vc-full-width-init=\"false\" data-vc-stretch-content=\"true\" class=\"vc_row wpb_row vc_row-fluid vc_custom_1531046464477 vc_row-has-fill vc_row-no-padding vc_row-o-full-height vc_row-o-columns-middle vc_row-flex vc_row_738977538\"><div class=\"wpb_column vc_column_container vc_col-sm-12 vc_column_995047550\"><div class=\"vc_column-inner vc_custom_1531046610855\"><div class=\"wpb_wrapper\">\n\t\t\t<!-- START Home Basic slider REVOLUTION SLIDER 6.7.25 --><p class=\"rs-p-wp-fix\"><\/p>\n\t\t\t<rs-module-wrap id=\"rev_slider_1_1_wrapper\" data-source=\"gallery\" style=\"visibility:hidden;background:#353535;padding:0;\">\n\t\t\t\t<rs-module id=\"rev_slider_1_1\" style=\"\" data-version=\"6.7.25\">\n\t\t\t\t\t<rs-slides style=\"overflow: hidden; position: absolute;\">\n\t\t\t\t\t\t<rs-slide style=\"position: absolute;\" data-key=\"rs-1\" data-title=\"Slide\" data-thumb=\"\/\/acellum.ro\/wp-content\/uploads\/2021\/10\/IMG_20210720_140439-100x100.jpg\" data-anim=\"adpr:false;ms:1000ms;\" data-in=\"o:1;x:(100%);\" data-out=\"x:(-60%);\">\n\t\t\t\t\t\t\t<img fetchpriority=\"high\" decoding=\"async\" src=\"\/\/acellum.ro\/wp-content\/plugins\/revslider\/sr6\/assets\/assets\/dummy.png\" alt=\"\" title=\"IMG_20210720_140439\" width=\"1314\" height=\"985\" class=\"rev-slidebg tp-rs-img rs-lazyload\" data-lazyload=\"\/\/acellum.ro\/wp-content\/uploads\/2021\/10\/IMG_20210720_140439.jpg\" data-no-retina>\n<!--\n\t\t\t\t\t\t\t--><rs-layer\n\t\t\t\t\t\t\t\tid=\"slider-1-slide-1-layer-5\" \n\t\t\t\t\t\t\t\tdata-type=\"text\"\n\t\t\t\t\t\t\t\tdata-color=\"rgba(255,255,255,1)\"\n\t\t\t\t\t\t\t\tdata-rsp_ch=\"on\"\n\t\t\t\t\t\t\t\tdata-xy=\"x:c;y:c;yo:-80px;\"\n\t\t\t\t\t\t\t\tdata-text=\"s:30;l:22;ls:8px;fw:300;a:center;\"\n\t\t\t\t\t\t\t\tdata-frame_0=\"y:-50px;\"\n\t\t\t\t\t\t\t\tdata-frame_1=\"e:power2.inOut;st:700;sR:700;\"\n\t\t\t\t\t\t\t\tdata-frame_999=\"o:0;e:nothing;st:w;sR:8000;\"\n\t\t\t\t\t\t\t\tstyle=\"z-index:8;font-family:'Raleway';font-style:italic;\"\n\t\t\t\t\t\t\t>Footwear factory \n\t\t\t\t\t\t\t<\/rs-layer><!--\n\n\t\t\t\t\t\t\t--><rs-layer\n\t\t\t\t\t\t\t\tid=\"slider-1-slide-1-layer-6\" \n\t\t\t\t\t\t\t\tdata-type=\"text\"\n\t\t\t\t\t\t\t\tdata-color=\"rgba(255,255,255,1)\"\n\t\t\t\t\t\t\t\tdata-rsp_ch=\"on\"\n\t\t\t\t\t\t\t\tdata-xy=\"x:c;y:430px;\"\n\t\t\t\t\t\t\t\tdata-text=\"s:80;l:22;fw:700;\"\n\t\t\t\t\t\t\t\tdata-frame_0=\"y:-50px;\"\n\t\t\t\t\t\t\t\tdata-frame_1=\"e:easeInOutBack;st:1000;sR:1000;\"\n\t\t\t\t\t\t\t\tdata-frame_999=\"o:0;e:nothing;st:w;sR:7700;\"\n\t\t\t\t\t\t\t\tstyle=\"z-index:9;font-family:'Raleway';\"\n\t\t\t\t\t\t\t>ACELLUM \n\t\t\t\t\t\t\t<\/rs-layer><!--\n\n\t\t\t\t\t\t\t--><rs-layer\n\t\t\t\t\t\t\t\tid=\"slider-1-slide-1-layer-14\" \n\t\t\t\t\t\t\t\tdata-type=\"text\"\n\t\t\t\t\t\t\t\tdata-color=\"rgba(255,255,255,1)\"\n\t\t\t\t\t\t\t\tdata-rsp_ch=\"on\"\n\t\t\t\t\t\t\t\tdata-xy=\"x:c;y:510px;\"\n\t\t\t\t\t\t\t\tdata-text=\"s:80;l:22;fw:700;a:center;\"\n\t\t\t\t\t\t\t\tdata-dim=\"h:71px;\"\n\t\t\t\t\t\t\t\tdata-frame_0=\"y:50px;\"\n\t\t\t\t\t\t\t\tdata-frame_1=\"e:easeInOutBack;st:1300;sR:1300;\"\n\t\t\t\t\t\t\t\tdata-frame_999=\"o:0;e:nothing;st:w;sR:7400;\"\n\t\t\t\t\t\t\t\tstyle=\"z-index:10;font-family:'Raleway';\"\n\t\t\t\t\t\t\t>100% made in Romania \n\t\t\t\t\t\t\t<\/rs-layer><!--\n-->\t\t\t\t\t<\/rs-slide>\n\t\t\t\t\t\t<rs-slide style=\"position: absolute;\" data-key=\"rs-8\" data-title=\"Slide\" data-thumb=\"\/\/acellum.ro\/wp-content\/uploads\/2021\/10\/IMG_20210720_135512-100x100.jpg\" data-anim=\"adpr:false;\" data-in=\"o:1;x:(100%);\" data-out=\"x:(-60%);\">\n\t\t\t\t\t\t\t<img decoding=\"async\" src=\"\/\/acellum.ro\/wp-content\/plugins\/revslider\/sr6\/assets\/assets\/dummy.png\" alt=\"\" title=\"IMG_20210720_135512\" width=\"1824\" height=\"1368\" class=\"rev-slidebg tp-rs-img rs-lazyload\" data-lazyload=\"\/\/acellum.ro\/wp-content\/uploads\/2021\/10\/IMG_20210720_135512.jpg\" data-no-retina>\n<!--\n\t\t\t\t\t\t\t--><rs-layer\n\t\t\t\t\t\t\t\tid=\"slider-1-slide-8-layer-6\" \n\t\t\t\t\t\t\t\tdata-type=\"text\"\n\t\t\t\t\t\t\t\tdata-color=\"rgba(255,255,255,1)\"\n\t\t\t\t\t\t\t\tdata-rsp_ch=\"on\"\n\t\t\t\t\t\t\t\tdata-xy=\"x:c;y:400px;\"\n\t\t\t\t\t\t\t\tdata-text=\"s:80;l:22;fw:700;\"\n\t\t\t\t\t\t\t\tdata-frame_0=\"y:-50px;\"\n\t\t\t\t\t\t\t\tdata-frame_1=\"e:easeInOutBack;st:1000;sR:1000;\"\n\t\t\t\t\t\t\t\tdata-frame_999=\"o:0;e:nothing;st:w;sR:7700;\"\n\t\t\t\t\t\t\t\tstyle=\"z-index:6;font-family:'Raleway';\"\n\t\t\t\t\t\t\t>SCARPA ITALY GROUP \n\t\t\t\t\t\t\t<\/rs-layer><!--\n\n\t\t\t\t\t\t\t--><rs-layer\n\t\t\t\t\t\t\t\tid=\"slider-1-slide-8-layer-15\" \n\t\t\t\t\t\t\t\tdata-type=\"text\"\n\t\t\t\t\t\t\t\tdata-color=\"rgba(255,255,255,1)\"\n\t\t\t\t\t\t\t\tdata-rsp_ch=\"on\"\n\t\t\t\t\t\t\t\tdata-xy=\"x:c;y:470px;\"\n\t\t\t\t\t\t\t\tdata-text=\"w:normal;s:18;l:30;fw:300;a:center;\"\n\t\t\t\t\t\t\t\tdata-dim=\"w:741px;h:115px;\"\n\t\t\t\t\t\t\t\tdata-frame_1=\"e:power2.inOut;st:1310;sR:1310;\"\n\t\t\t\t\t\t\t\tdata-frame_999=\"o:0;e:nothing;st:w;sR:7390;\"\n\t\t\t\t\t\t\t\tstyle=\"z-index:7;font-family:'Roboto';\"\n\t\t\t\t\t\t\t>The company Scarpa, nowadays one of the leading companies in the production of outdoor footwear, has remained loyal to the traditional manufacturing methods and has continuously integrated the technical development of materials and technology, based on the \"hand-made\" manufacturing process. \n\t\t\t\t\t\t\t<\/rs-layer><!--\n-->\t\t\t\t\t<\/rs-slide>\n\t\t\t\t\t\t<rs-slide style=\"position: absolute;\" data-key=\"rs-2\" data-title=\"Slide\" data-thumb=\"\/\/acellum.ro\/wp-content\/uploads\/2021\/10\/IMG_20210720_135912-1536x1152-100x100.jpg\" data-anim=\"adpr:false;\" data-in=\"o:1;x:(100%);\" data-out=\"x:(-60%);\">\n\t\t\t\t\t\t\t<img decoding=\"async\" src=\"\/\/acellum.ro\/wp-content\/plugins\/revslider\/sr6\/assets\/assets\/dummy.png\" alt=\"\" title=\"IMG_20210720_135912\" width=\"1536\" height=\"1152\" class=\"rev-slidebg tp-rs-img rs-lazyload\" data-lazyload=\"\/\/acellum.ro\/wp-content\/uploads\/2021\/10\/IMG_20210720_135912-1536x1152.jpg\" data-no-retina>\n<!--\n\t\t\t\t\t\t\t--><rs-layer\n\t\t\t\t\t\t\t\tid=\"slider-1-slide-2-layer-6\" \n\t\t\t\t\t\t\t\tdata-type=\"text\"\n\t\t\t\t\t\t\t\tdata-color=\"rgba(255,255,255,1)\"\n\t\t\t\t\t\t\t\tdata-rsp_ch=\"on\"\n\t\t\t\t\t\t\t\tdata-xy=\"x:c;y:400px;\"\n\t\t\t\t\t\t\t\tdata-text=\"s:80;l:22;fw:700;\"\n\t\t\t\t\t\t\t\tdata-frame_0=\"y:-50px;\"\n\t\t\t\t\t\t\t\tdata-frame_1=\"e:easeInOutBack;st:1000;sR:1000;\"\n\t\t\t\t\t\t\t\tdata-frame_999=\"o:0;e:nothing;st:w;sR:7700;\"\n\t\t\t\t\t\t\t\tstyle=\"z-index:6;font-family:'Raleway';\"\n\t\t\t\t\t\t\t>\"No place too far\" \n\t\t\t\t\t\t\t<\/rs-layer><!--\n\n\t\t\t\t\t\t\t--><rs-layer\n\t\t\t\t\t\t\t\tid=\"slider-1-slide-2-layer-15\" \n\t\t\t\t\t\t\t\tdata-type=\"text\"\n\t\t\t\t\t\t\t\tdata-color=\"rgba(255,255,255,1)\"\n\t\t\t\t\t\t\t\tdata-rsp_ch=\"on\"\n\t\t\t\t\t\t\t\tdata-xy=\"x:c;y:c;yo:95px;\"\n\t\t\t\t\t\t\t\tdata-text=\"w:normal;s:18;l:30;fw:300;a:center;\"\n\t\t\t\t\t\t\t\tdata-dim=\"w:724px;h:115px;\"\n\t\t\t\t\t\t\t\tdata-frame_1=\"e:power2.inOut;st:1310;sR:1310;\"\n\t\t\t\t\t\t\t\tdata-frame_999=\"o:0;e:nothing;st:w;sR:7390;\"\n\t\t\t\t\t\t\t\tstyle=\"z-index:7;font-family:'Roboto';\"\n\t\t\t\t\t\t\t>It all starts with knowing the people needs. The company knows how to listen to the needs of every athlete, of any enthusiast or any beginner who is just starting to explore a new passion. \n\t\t\t\t\t\t\t<\/rs-layer><!--\n-->\t\t\t\t\t<\/rs-slide>\n\t\t\t\t\t<\/rs-slides>\n\t\t\t\t\t<rs-static-layers><!--\n\t\t\t\t\t--><\/rs-static-layers>\n\t\t\t\t<\/rs-module>\n\t\t\t\t<script>\n\t\t\t\t\tsetREVStartSize({c: 'rev_slider_1_1',rl:[1240,1024,778,480],el:[868],gw:[1240],gh:[868],type:'standard',justify:'',layout:'fullscreen',offsetContainer:'#wpadminbar, .sh-window-line.line-bottom, .sh-window-line.line-top',offset:'',mh:\"0\"});if (window.RS_MODULES!==undefined && window.RS_MODULES.modules!==undefined && window.RS_MODULES.modules[\"revslider11\"]!==undefined) {window.RS_MODULES.modules[\"revslider11\"].once = false;window.revapi1 = undefined;if (window.RS_MODULES.checkMinimal!==undefined) window.RS_MODULES.checkMinimal()}\n\t\t\t\t<\/script>\n\t\t\t<\/rs-module-wrap>\n\t\t\t<!-- END REVOLUTION SLIDER -->\n<style type=\"text\/css\"> .vc_column_995047550:not(.vc_parallax):not(.jarallax) { overflow: center!important; position: relative; }<\/style><\/div><\/div><\/div><style type=\"text\/css\"> .vc_row_738977538:not(.vc_parallax) { overflow: center!important; position: relative; }<\/style><\/div><div class=\"vc_row-full-width vc_clearfix\"><\/div><div class=\"vc_row wpb_row vc_row-fluid border-radius-xl shadow-blur blur vc_custom_1636986224167 vc_row_872232673\"><div class=\"wpb_column vc_column_container vc_col-sm-4 vc_column_1093656653\"><div class=\"vc_column-inner\"><div class=\"wpb_wrapper\">\r\n<div id=\"counter-VGwU9kufrF\" class=\"sh-counter sh-counter-style4\">\r\n\t\r\n\t\t<div class=\"sh-counter-icon\"><i class=\"\"><\/i><\/div>\r\n\t\t<div>\r\n\t\t\t<span class=\"sh-counter-number sh-counter-animate size-default\">24<\/span>\r\n\t\t\t<span class=\"sh-counter-title\">Years of activity<\/span>\r\n\t\t<\/div>\r\n\t\t\t\t\t<div class=\"sh-counter-subtitle\">Companie cu o vechime de peste 24 de ani, specializat\u0103 \u00een produc\u021bia de \u00eenc\u0103l\u021b\u0103minte, \u00een special \u00eenc\u0103l\u021b\u0103minte sport \u0219i de munte, sub denumirea \u201cSCARPA\u201d, un cunoscut brand de \u00eenc\u0103l\u021b\u0103minte \u00een \u00eentreaga lume. Cu alte cuvinte, ne recomand\u0103m ca fiind o companie de referin\u021b\u0103 \u00een acest domeniu.<\/div>\r\n\t\t\r\n\t<\/div>\r\n            <style type=\"text\/css\">\r\n                #counter-VGwU9kufrF .sh-counter-number {font-weight: 700!important;}#counter-VGwU9kufrF .sh-counter-number {color: #04a454;}#counter-VGwU9kufrF .sh-counter-title {color: #04a454;}#counter-VGwU9kufrF .sh-counter-subtitle {color: #3f3f3f;}#counter-VGwU9kufrF .sh-counter-number {font-family: 'Montserrat'!important;}            <\/style>\r\n        \r\n            \r\n            <div class=\"sh-empty-space vc_empty_space sh-empty-space-Srz5u0VaEU\" style=\"height: 45px\">\r\n                <span class=\"vc_empty_space_inner\"><\/span>\r\n            <\/div>\r\n\r\n        <style type=\"text\/css\"> .vc_column_1093656653:not(.vc_parallax):not(.jarallax) { overflow: center!important; position: relative; }<\/style><\/div><\/div><\/div><div class=\"wpb_column vc_column_container vc_col-sm-4 vc_column_1608158077\"><div class=\"vc_column-inner\"><div class=\"wpb_wrapper\">\r\n<div id=\"counter-EJQAyv6TPj\" class=\"sh-counter sh-counter-style4\">\r\n\t\r\n\t\t<div class=\"sh-counter-icon\"><i class=\"\"><\/i><\/div>\r\n\t\t<div>\r\n\t\t\t<span class=\"sh-counter-number sh-counter-animate size-default\">500<\/span>\r\n\t\t\t<span class=\"sh-counter-title\">Employees<\/span>\r\n\t\t<\/div>\r\n\t\t\t\t\t<div class=\"sh-counter-subtitle\">\u00cen companie \u00ee\u0219i desf\u0103\u0219oar\u0103 activitatea peste 500 de angaja\u021bi ale\u0219i dup\u0103 un set de valori comune, urm\u0103rind astfel alegerea celor mai potrivite persoane conform specificului, grilei \u0219i a viziunii companiei.<\/div>\r\n\t\t\r\n\t<\/div>\r\n            <style type=\"text\/css\">\r\n                #counter-EJQAyv6TPj .sh-counter-number:after {content: \"+\";}#counter-EJQAyv6TPj .sh-counter-number {font-weight: 700!important;}#counter-EJQAyv6TPj .sh-counter-number {color: #04a454;}#counter-EJQAyv6TPj .sh-counter-title {color: #04a454;}#counter-EJQAyv6TPj .sh-counter-subtitle {color: #3f3f3f;}#counter-EJQAyv6TPj .sh-counter-number {font-family: 'Montserrat'!important;}            <\/style>\r\n        \r\n            \r\n            <div class=\"sh-empty-space vc_empty_space sh-empty-space-oPz9MeTjcs\" style=\"height: 45px\">\r\n                <span class=\"vc_empty_space_inner\"><\/span>\r\n            <\/div>\r\n\r\n        <style type=\"text\/css\"> .vc_column_1608158077:not(.vc_parallax):not(.jarallax) { overflow: center!important; position: relative; }<\/style><\/div><\/div><\/div><div class=\"wpb_column vc_column_container vc_col-sm-4 vc_column_1104516022\"><div class=\"vc_column-inner\"><div class=\"wpb_wrapper\">\r\n<div id=\"counter-NREMPx8vlY\" class=\"sh-counter sh-counter-style4\">\r\n\t\r\n\t\t<div class=\"sh-counter-icon\"><i class=\"\"><\/i><\/div>\r\n\t\t<div>\r\n\t\t\t<span class=\"sh-counter-number sh-counter-animate size-default\">600000<\/span>\r\n\t\t\t<span class=\"sh-counter-title\">Ghete realizate anual<\/span>\r\n\t\t<\/div>\r\n\t\t\t\t\t<div class=\"sh-counter-subtitle\">Recomand\u0103m clien\u021bilor calitatea \u00eenalt\u0103 a produselor noastre. Recunoscut\u0103 de exper\u021bi, produsele noastre contribuie la bun\u0103starea \u0219i confortul clientului nostru!<\/div>\r\n\t\t\r\n\t<\/div>\r\n            <style type=\"text\/css\">\r\n                #counter-NREMPx8vlY .sh-counter-number:after {content: \"+\";}#counter-NREMPx8vlY .sh-counter-number {font-weight: 700!important;}#counter-NREMPx8vlY .sh-counter-number {color: #04a454;}#counter-NREMPx8vlY .sh-counter-title {color: #04a454;}#counter-NREMPx8vlY .sh-counter-subtitle {color: #3f3f3f;}#counter-NREMPx8vlY .sh-counter-number {font-family: 'Montserrat'!important;}            <\/style>\r\n        \r\n            \r\n            <div class=\"sh-empty-space vc_empty_space sh-empty-space-1ie7DAQ3dR\" style=\"height: 45px\">\r\n                <span class=\"vc_empty_space_inner\"><\/span>\r\n            <\/div>\r\n\r\n        <style type=\"text\/css\"> .vc_column_1104516022:not(.vc_parallax):not(.jarallax) { overflow: center!important; position: relative; }<\/style><\/div><\/div><\/div><\/div><div class=\"vc_row wpb_row vc_row-fluid vc_row_1276944742\"><div class=\"wpb_column vc_column_container vc_col-sm-12 vc_column_1202585996\"><div class=\"vc_column-inner\"><div class=\"wpb_wrapper\">\n\t<div class=\"wpb_raw_code wpb_raw_html wpb_content_element\" >\n\t\t<div class=\"wpb_wrapper\">\n\t\t\t<section class=\"py-5 mt-5\">\n    <div class=\"container\">\n      <div class=\"row\">\n        <div class=\"col-md-6 position-relative\">\n          <div class=\"position-relative ms-md-5 me-md-n5\">\n            <div class=\"blur-shadow-image\">\n              <img decoding=\"async\" class=\"image-left rounded-3 img-fluid position-relative top-0 end-0 bg-cover\" src=\"https:\/\/wp.airscan.ro\/wp-content\/uploads\/2021\/10\/IMG_20210720_135443.jpg\" alt=\"ghete\">\n            <\/div>\n          <\/div>\n          <p class=\"blockquote border border-acellum rounded w-80 p-3 text-m text-acellum float-md-end mt-4 me-md-n2 mx-auto\">\"Our company's integrated quality, environment - occupational health and safety policy is based on concepts of continuous improvement of products and business processes, sustainable development in conditions of maximum occupational health and safety condition for our employees and for our collaborators and has the main objective to align with the economical, social and environmental imperatives.\"\n            <br>\n            <br>\n            <small>-Ing. Maria Bumbuc, manager Acellum<\/small>\n          <\/p>\n          <!-- Second image on the left side of the article -->\n          <div class=\"position-relative bottom-0 mb-8 ms-n2 me-3 start-0 end-2 d-md-block d-none\">\n              <img decoding=\"async\" class=\"image-container rounded-3 img-fluid position-relative bg-cover\" src=\"https:\/\/wp.airscan.ro\/wp-content\/uploads\/2021\/10\/IMG_20210720_135512.jpg\" alt=\"verificare calitate\">\n          <\/div>\n        <\/div>\n        <div class=\"col-md-5\">\n          <!-- First image on the right side, above the article -->\n          <div class=\"position-relative ms-n4 mb-5 mt-8 d-md-block d-none\">\n            <div class=\"blur-shadow-image\">\n              <img decoding=\"async\" class=\"image-right rounded-3 img-fluid position-relative bg-cover\" src=\"https:\/\/wp.airscan.ro\/wp-content\/uploads\/2021\/10\/IMG_20210720_135912.jpg\" alt=\"linia de productie\">\n            <\/div>\n          <\/div>\n          <h3 class=\"mb-4\">Despre compania Acellum<\/h3>\n          <p>The company Acellum SRL started its activity in 1997 as a Romanian company with full integrated foreign capital, and nowadays, more precisely since 2017, Acellum SRL has been taken over by SCARPA ITALIA group.<\/p>\n          <p>The company's activity is realised in its own location situated in the industrial area of Timisoara.<\/p>\n          <p>The main field of activity is the manufacture of footwear, especially sports and mountain type under the world recognised brand of \u201cScarpa\u201d.<\/p>\n          <p>The company employs about 500 people, specialised in the production of high quality footwear, quality being the first and most important characteristic of our company's products.<\/p>\n          <p>The main concern of the company's management team has always been to achieve the quality standards of the products, in a healthy working environment with a well-trained team. The management of the company, made up of professional and well-trained people, together with the team made up of people specialized in the production of footwear, made Acellum play an important role in the local and national business environment.<\/p>\n        <\/div>\n      <\/div>\n    <\/div>\n  <\/section>\n\t\t<\/div>\n\t<\/div>\n<style type=\"text\/css\"> .vc_column_1202585996:not(.vc_parallax):not(.jarallax) { overflow: center!important; position: relative; }<\/style><\/div><\/div><\/div><style type=\"text\/css\"> .vc_row_1276944742:not(.vc_parallax) { overflow: center!important; position: relative; }<\/style><\/div><div class=\"vc_row wpb_row vc_row-fluid vc_row_647657013\"><div class=\"wpb_column vc_column_container vc_col-sm-12 vc_column_546924600\"><div class=\"vc_column-inner\"><div class=\"wpb_wrapper\">\n\t<div class=\"wpb_raw_code wpb_raw_html wpb_content_element\" >\n\t\t<div class=\"wpb_wrapper\">\n\t\t\t<section class=\"py-sm-7 py-4\">\n    <div class=\"container\">\n      <div class=\"row\">\n        <div class=\"col-lg-6\">\n          <h3 class=\"mb-0 mt-2\">Standarde de calitate<\/h3>\n          <p>The company has implemented and maintained the integrated management system, both in terms of quality ISO 9001:2015, occupational health and safety SR ISO 45001 and the environmental management system ISO 14001:2015.<\/p>\n        <\/div>\n        <div class=\"col-lg-6 mt-lg-0 mt-5 ps-lg-0 ps-0\">\n          <div class=\"p-3 info-horizontal\">\n            <div class=\"icon icon-shape rounded-circle bg-gradient-acellum text-center\">\n              <i class=\"ni ni-building opacity-10\"><\/i>\n            <\/div>\n            <div class=\"description ps-3\">\n              <p class=\"mb-0\">Sustained improvement of environmental performances i.e. reducing the environmental impacts of our business by controlling processes and plant\/equipment and preventing pollution.<\/p>\n            <\/div>\n          <\/div>\n          <div class=\"p-3 info-horizontal\">\n            <div class=\"icon icon-shape rounded-circle bg-gradient-acellum text-center\">\n              <i class=\"ni ni-settings opacity-10\"><\/i>\n            <\/div>\n            <div class=\"description ps-3\">\n              <p class=\"mb-0\">Sustained improvement of occupational health and security performance i.e. reducing the level of risk involved in our activities (prevention of injuries and occupational diseases) by keeping hazard-generating processes and equipment under control and preventing hazards.<\/p>\n            <\/div>\n          <\/div>\n          <div class=\"p-3 info-horizontal\">\n            <div class=\"icon icon-shape rounded-circle bg-gradient-acellum text-center\">\n              <i class=\"ni ni-notification-70 opacity-10\"><\/i>\n            <\/div>\n            <div class=\"description ps-3\">\n              <p class=\"mb-0\">Sustained improvement of our integrated quality, environment, occupational and health safety management integrated system in order to increase business, environment and all in regards to occupational health and safety.<\/p>\n            <\/div>\n          <\/div>\n        <\/div>\n      <\/div>\n    <\/div>\n  <\/section>\n\t\t<\/div>\n\t<\/div>\n<style type=\"text\/css\"> .vc_column_546924600:not(.vc_parallax):not(.jarallax) { overflow: center!important; position: relative; }<\/style><\/div><\/div><\/div><style type=\"text\/css\"> .vc_row_647657013:not(.vc_parallax) { overflow: center!important; position: relative; }<\/style><\/div>\n<\/div>","protected":false},"excerpt":{"rendered":"Fabrica de \u00eenc\u0103l\u021b\u0103minte ACELLUM 100% realizat \u00een Romania Grupul SCARPA ITALIA Compania Scarpa, \u00een prezent una dintre companiile lider \u00een produc\u021bia de \u00eenc\u0103l\u021b\u0103minte outdoor, a r\u0103mas fidel\u0103 metodelor tradi\u021bionale de fabrica\u021bie \u0219i a integrat continuu dezvoltarea tehnic\u0103 a materialelor \u0219i tehnologiei, bazat\u0103 pe procesul de...","protected":false},"author":1,"featured_media":0,"parent":0,"menu_order":0,"comment_status":"closed","ping_status":"closed","template":"","meta":{"footnotes":""},"class_list":["post-8678","page","type-page","status-publish","hentry"],"amp_enabled":false,"_links":{"self":[{"href":"https:\/\/acellum.ro\/en\/wp-json\/wp\/v2\/pages\/8678","targetHints":{"allow":["GET"]}}],"collection":[{"href":"https:\/\/acellum.ro\/en\/wp-json\/wp\/v2\/pages"}],"about":[{"href":"https:\/\/acellum.ro\/en\/wp-json\/wp\/v2\/types\/page"}],"author":[{"embeddable":true,"href":"https:\/\/acellum.ro\/en\/wp-json\/wp\/v2\/users\/1"}],"replies":[{"embeddable":true,"href":"https:\/\/acellum.ro\/en\/wp-json\/wp\/v2\/comments?post=8678"}],"version-history":[{"count":21,"href":"https:\/\/acellum.ro\/en\/wp-json\/wp\/v2\/pages\/8678\/revisions"}],"predecessor-version":[{"id":9029,"href":"https:\/\/acellum.ro\/en\/wp-json\/wp\/v2\/pages\/8678\/revisions\/9029"}],"wp:attachment":[{"href":"https:\/\/acellum.ro\/en\/wp-json\/wp\/v2\/media?parent=8678"}],"curies":[{"name":"wp","href":"https:\/\/api.w.org\/{rel}","templated":true}]}}